{"id":1490,"date":"2019-01-21T15:17:38","date_gmt":"2019-01-21T15:17:38","guid":{"rendered":"http:\/\/www.passionbike.net\/?page_id=1490\/"},"modified":"2024-03-07T12:36:55","modified_gmt":"2024-03-07T12:36:55","slug":"noleggio-biciclette-valencia","status":"publish","type":"page","link":"https:\/\/www.passionbike.net\/it\/noleggio-biciclette-valencia\/","title":{"rendered":"Noleggio biciclette"},"content":{"rendered":"<p><div  class=\"fusion-fullwidth fullwidth-box nonhundred-percent-fullwidth\"  style='background-color: rgba(255,255,255,0);background-position: center center;background-repeat: no-repeat;padding-top:20px;padding-right:0px;padding-bottom:20px;padding-left:0px;'><div class=\"fusion-builder-row fusion-row \"><div  class=\"fusion-layout-column fusion_builder_column fusion_builder_column_1_1  fusion-one-full fusion-column-first fusion-column-last 1_1\"  style='margin-top:0px;margin-bottom:20px;'>\n\t\t\t<div class=\"fusion-column-wrapper\" style=\"background-position:left top;background-repeat:no-repeat;-webkit-background-size:cover;-moz-background-size:cover;-o-background-size:cover;background-size:cover;\"  data-bg-url=\"\">\n\t\t\t\t<p class=\"p1\"><span class=\"s1\">Valencia \u00e8 la terza citt\u00e0 pi\u00f9 grande della Spagna e, nonostante le sue dimensioni, tutti i siti di interesse sono comodamente collegati da\u00a0<\/span><span class=\"s2\" style=\"color: #ff9900;\"><b>100 km di piste ciclabili<\/b><\/span><span class=\"s1\">\u00a0completamente pianeggianti. Aggiungete a questo comfort, di essere una citt\u00e0 specificamente adattata al ciclismo, il suo clima mite sia in estate che in inverno, e lasciatevi convincere a goderne su due ruote. Dal mare dell&#8217;entroterra, pedalare in qualsiasi periodo dell&#8217;anno sar\u00e0 un vero piacere. Non esitate e\u00a0<\/span><span class=\"s2\" style=\"color: #ff9900;\"><b>noleggiate subito la vostra bicicletta<\/b><\/span><span class=\"s1\">\u00a0con noi!<\/span><\/p>\n<script src=\"https:\/\/fareharbor.com\/embeds\/script\/items\/passionbike\/?full-items=yes&fallback=simple&flow=131441\"><\/script><div class=\"fusion-clearfix\"><\/div>\n\n\t\t\t<\/div>\n\t\t<\/div><\/div><\/div><div  class=\"fusion-fullwidth fullwidth-box nonhundred-percent-fullwidth\"  style='background-color: rgba(255,255,255,0);background-position: center center;background-repeat: no-repeat;padding-top:20px;padding-right:0px;padding-bottom:20px;padding-left:0px;'><div class=\"fusion-builder-row fusion-row \"><div  class=\"fusion-layout-column fusion_builder_column fusion_builder_column_1_1  fusion-one-full fusion-column-first fusion-column-last 1_1\"  style='margin-top:0px;margin-bottom:20px;'>\n\t\t\t<div class=\"fusion-column-wrapper\" style=\"background-position:left top;background-repeat:no-repeat;-webkit-background-size:cover;-moz-background-size:cover;-o-background-size:cover;background-size:cover;\"  data-bg-url=\"\">\n\t\t\t\t<div class=\"fusion-section-separator section-separator\" style=\"border:2px solid #f6f6f6;margin-left:-0px;margin-right:-0px;\"><div class=\"section-separator-icon icon fa fa-bicycle\" style=\"color:#ffffff;\"><\/div><div class=\"divider-candy both\" style=\"background-color:#ff9800;border:1px solid #f6f6f6;\"><\/div><\/div><div class=\"fusion-clearfix\"><\/div>\n\n\t\t\t<\/div>\n\t\t<\/div><\/div><\/div><div  class=\"fusion-fullwidth fullwidth-box nonhundred-percent-fullwidth\"  style='background-color: rgba(255,255,255,0);background-position: center center;background-repeat: no-repeat;padding-top:20px;padding-right:0px;padding-bottom:20px;padding-left:0px;'><div class=\"fusion-builder-row fusion-row \"><div  class=\"fusion-layout-column fusion_builder_column fusion_builder_column_1_3  fusion-one-third fusion-column-first 1_3\"  style='margin-top:0px;margin-bottom:20px;width:33.33%;width:calc(33.33% - ( ( 4% + 4% ) * 0.3333 ) );margin-right: 4%;'>\n\t\t\t<div class=\"fusion-column-wrapper\" style=\"background-position:left top;background-repeat:no-repeat;-webkit-background-size:cover;-moz-background-size:cover;-o-background-size:cover;background-size:cover;\"  data-bg-url=\"\">\n\t\t\t\t<div class=\"fusion-clearfix\"><\/div>\n\n\t\t\t<\/div>\n\t\t<\/div><div  class=\"fusion-layout-column fusion_builder_column fusion_builder_column_1_3  fusion-one-third 1_3\"  style='margin-top:0px;margin-bottom:20px;width:33.33%;width:calc(33.33% - ( ( 4% + 4% ) * 0.3333 ) );margin-right: 4%;'>\n\t\t\t<div class=\"fusion-column-wrapper\" style=\"background-position:left top;background-repeat:no-repeat;-webkit-background-size:cover;-moz-background-size:cover;-o-background-size:cover;background-size:cover;\"  data-bg-url=\"\">\n\t\t\t\t<div class=\"fusion-sep-clear\"><\/div><div class=\"fusion-separator fusion-full-width-sep sep-none\" style=\"margin-left: auto;margin-right: auto;margin-top:20px;\"><\/div><p style=\"text-align: center;\">\u2022\u00a0<a href=\"https:\/\/www.passionbike.net\/informativa-sulla-privacy\/\">Informativa sulla privacy<\/a><\/p>\n<p style=\"text-align: center;\">\u2022\u00a0<a href=\"https:\/\/www.passionbike.net\/condizioni-di-cancellazione\/\">Condizioni di Cancellazione<\/a><\/p>\n<p style=\"text-align: center;\">\u2022\u00a0<a href=\"https:\/\/www.passionbike.net\/deposito-bagagli\/\">Deposito bagagli<\/a><\/p>\n<div class=\"fusion-clearfix\"><\/div>\n\n\t\t\t<\/div>\n\t\t<\/div><div  class=\"fusion-layout-column fusion_builder_column fusion_builder_column_1_3  fusion-one-third fusion-column-last 1_3\"  style='margin-top:0px;margin-bottom:20px;width:33.33%;width:calc(33.33% - ( ( 4% + 4% ) * 0.3333 ) );'>\n\t\t\t<div class=\"fusion-column-wrapper\" style=\"background-position:left top;background-repeat:no-repeat;-webkit-background-size:cover;-moz-background-size:cover;-o-background-size:cover;background-size:cover;\"  data-bg-url=\"\">\n\t\t\t\t<div class=\"fusion-clearfix\"><\/div>\n\n\t\t\t<\/div>\n\t\t<\/div><\/div><\/div><\/p>\n","protected":false},"excerpt":{"rendered":"","protected":false},"author":2,"featured_media":0,"parent":0,"menu_order":0,"comment_status":"closed","ping_status":"closed","template":"100-width.php","meta":{"footnotes":"","_joinchat":[]},"yoast_head":"<!-- This site is optimized with the Yoast SEO plugin v22.2 - https:\/\/yoast.com\/wordpress\/plugins\/seo\/ -->\n<title>Noleggiate la migliore bicicletta per conoscere Valencia! - Passion Bike &#187; Le migliori biciclette ed ebike per godere della nostra citt\u00e0<\/title>\n<meta name=\"description\" content=\"Volete noleggiare una bicicletta, o una bici elettrica, per conoscere e godervi Valencia? Certo che s\u00ec! Noi di Passion Bike vi offriamo le migliori opzioni: avete bisogno di una bici vecchio stile che sia anche molto cool? Se volete una bici elettrica, abbiamo anche quella! Ma vi offriamo anche molte altre opzioni, come scooter o tandem. Contattateci per iniziare a godervi la nostra citt\u00e0 nel modo che preferite!\" \/>\n<meta name=\"robots\" content=\"index, follow, max-snippet:-1, max-image-preview:large, max-video-preview:-1\" \/>\n<link rel=\"canonical\" href=\"https:\/\/www.passionbike.net\/it\/noleggio-biciclette-valencia\/\" \/>\n<meta property=\"og:locale\" content=\"it_IT\" \/>\n<meta property=\"og:type\" content=\"article\" \/>\n<meta property=\"og:title\" content=\"Noleggiate la migliore bicicletta per conoscere Valencia! - Passion Bike &#187; Le migliori biciclette ed ebike per godere della nostra citt\u00e0\" \/>\n<meta property=\"og:description\" content=\"Volete noleggiare una bicicletta, o una bici elettrica, per conoscere e godervi Valencia? Certo che s\u00ec! Noi di Passion Bike vi offriamo le migliori opzioni: avete bisogno di una bici vecchio stile che sia anche molto cool? Se volete una bici elettrica, abbiamo anche quella! Ma vi offriamo anche molte altre opzioni, come scooter o tandem. Contattateci per iniziare a godervi la nostra citt\u00e0 nel modo che preferite!\" \/>\n<meta property=\"og:url\" content=\"https:\/\/www.passionbike.net\/it\/noleggio-biciclette-valencia\/\" \/>\n<meta property=\"og:site_name\" content=\"Passion Bike\" \/>\n<meta property=\"article:publisher\" content=\"https:\/\/www.facebook.com\/passionbikevalencia\/\" \/>\n<meta property=\"article:modified_time\" content=\"2024-03-07T12:36:55+00:00\" \/>\n<meta property=\"og:image\" content=\"https:\/\/www.passionbike.net\/wp-content\/uploads\/2023\/12\/NIGHT-TOUR-5-1024x682.png\" \/>\n\t<meta property=\"og:image:width\" content=\"1024\" \/>\n\t<meta property=\"og:image:height\" content=\"682\" \/>\n\t<meta property=\"og:image:type\" content=\"image\/png\" \/>\n<meta name=\"twitter:card\" content=\"summary_large_image\" \/>\n<meta name=\"twitter:label1\" content=\"Tempo di lettura stimato\" \/>\n\t<meta name=\"twitter:data1\" content=\"2 minuti\" \/>\n<script type=\"application\/ld+json\" class=\"yoast-schema-graph\">{\"@context\":\"https:\/\/schema.org\",\"@graph\":[{\"@type\":\"WebPage\",\"@id\":\"https:\/\/www.passionbike.net\/it\/noleggio-biciclette-valencia\/\",\"url\":\"https:\/\/www.passionbike.net\/it\/noleggio-biciclette-valencia\/\",\"name\":\"Noleggiate la migliore bicicletta per conoscere Valencia! - Passion Bike &#187; Le migliori biciclette ed ebike per godere della nostra citt\u00e0\",\"isPartOf\":{\"@id\":\"https:\/\/www.passionbike.net\/#website\"},\"datePublished\":\"2019-01-21T15:17:38+00:00\",\"dateModified\":\"2024-03-07T12:36:55+00:00\",\"description\":\"Volete noleggiare una bicicletta, o una bici elettrica, per conoscere e godervi Valencia? Certo che s\u00ec! Noi di Passion Bike vi offriamo le migliori opzioni: avete bisogno di una bici vecchio stile che sia anche molto cool? Se volete una bici elettrica, abbiamo anche quella! Ma vi offriamo anche molte altre opzioni, come scooter o tandem. Contattateci per iniziare a godervi la nostra citt\u00e0 nel modo che preferite!\",\"breadcrumb\":{\"@id\":\"https:\/\/www.passionbike.net\/it\/noleggio-biciclette-valencia\/#breadcrumb\"},\"inLanguage\":\"it-IT\",\"potentialAction\":[{\"@type\":\"ReadAction\",\"target\":[\"https:\/\/www.passionbike.net\/it\/noleggio-biciclette-valencia\/\"]}]},{\"@type\":\"BreadcrumbList\",\"@id\":\"https:\/\/www.passionbike.net\/it\/noleggio-biciclette-valencia\/#breadcrumb\",\"itemListElement\":[{\"@type\":\"ListItem\",\"position\":1,\"name\":\"Portada\",\"item\":\"https:\/\/www.passionbike.net\/it\/\"},{\"@type\":\"ListItem\",\"position\":2,\"name\":\"Noleggio biciclette\"}]},{\"@type\":\"WebSite\",\"@id\":\"https:\/\/www.passionbike.net\/#website\",\"url\":\"https:\/\/www.passionbike.net\/\",\"name\":\"Passion Bike\",\"description\":\"\u00a1Disfruta de nuestras visitas y tours guiados en bicicleta por Valencia!\",\"publisher\":{\"@id\":\"https:\/\/www.passionbike.net\/#organization\"},\"alternateName\":\"PassionBike\",\"potentialAction\":[{\"@type\":\"SearchAction\",\"target\":{\"@type\":\"EntryPoint\",\"urlTemplate\":\"https:\/\/www.passionbike.net\/?s={search_term_string}\"},\"query-input\":\"required name=search_term_string\"}],\"inLanguage\":\"it-IT\"},{\"@type\":\"Organization\",\"@id\":\"https:\/\/www.passionbike.net\/#organization\",\"name\":\"Passion Bike\",\"alternateName\":\"PassionBike\",\"url\":\"https:\/\/www.passionbike.net\/\",\"logo\":{\"@type\":\"ImageObject\",\"inLanguage\":\"it-IT\",\"@id\":\"https:\/\/www.passionbike.net\/#\/schema\/logo\/image\/\",\"url\":\"https:\/\/www.passionbike.net\/wp-content\/uploads\/2016\/12\/passionbike-logo.png\",\"contentUrl\":\"https:\/\/www.passionbike.net\/wp-content\/uploads\/2016\/12\/passionbike-logo.png\",\"width\":318,\"height\":104,\"caption\":\"Passion Bike\"},\"image\":{\"@id\":\"https:\/\/www.passionbike.net\/#\/schema\/logo\/image\/\"},\"sameAs\":[\"https:\/\/www.facebook.com\/passionbikevalencia\/\",\"https:\/\/www.instagram.com\/passionbike_valencia\/\"]}]}<\/script>\n<!-- \/ Yoast SEO plugin. -->","yoast_head_json":{"title":"Noleggiate la migliore bicicletta per conoscere Valencia! - Passion Bike &#187; Le migliori biciclette ed ebike per godere della nostra citt\u00e0","description":"Volete noleggiare una bicicletta, o una bici elettrica, per conoscere e godervi Valencia? Certo che s\u00ec! Noi di Passion Bike vi offriamo le migliori opzioni: avete bisogno di una bici vecchio stile che sia anche molto cool? Se volete una bici elettrica, abbiamo anche quella! Ma vi offriamo anche molte altre opzioni, come scooter o tandem. Contattateci per iniziare a godervi la nostra citt\u00e0 nel modo che preferite!","robots":{"index":"index","follow":"follow","max-snippet":"max-snippet:-1","max-image-preview":"max-image-preview:large","max-video-preview":"max-video-preview:-1"},"canonical":"https:\/\/www.passionbike.net\/it\/noleggio-biciclette-valencia\/","og_locale":"it_IT","og_type":"article","og_title":"Noleggiate la migliore bicicletta per conoscere Valencia! - Passion Bike &#187; Le migliori biciclette ed ebike per godere della nostra citt\u00e0","og_description":"Volete noleggiare una bicicletta, o una bici elettrica, per conoscere e godervi Valencia? Certo che s\u00ec! Noi di Passion Bike vi offriamo le migliori opzioni: avete bisogno di una bici vecchio stile che sia anche molto cool? Se volete una bici elettrica, abbiamo anche quella! Ma vi offriamo anche molte altre opzioni, come scooter o tandem. Contattateci per iniziare a godervi la nostra citt\u00e0 nel modo che preferite!","og_url":"https:\/\/www.passionbike.net\/it\/noleggio-biciclette-valencia\/","og_site_name":"Passion Bike","article_publisher":"https:\/\/www.facebook.com\/passionbikevalencia\/","article_modified_time":"2024-03-07T12:36:55+00:00","og_image":[{"width":1024,"height":682,"url":"https:\/\/www.passionbike.net\/wp-content\/uploads\/2023\/12\/NIGHT-TOUR-5-1024x682.png","type":"image\/png"}],"twitter_card":"summary_large_image","twitter_misc":{"Tempo di lettura stimato":"2 minuti"},"schema":{"@context":"https:\/\/schema.org","@graph":[{"@type":"WebPage","@id":"https:\/\/www.passionbike.net\/it\/noleggio-biciclette-valencia\/","url":"https:\/\/www.passionbike.net\/it\/noleggio-biciclette-valencia\/","name":"Noleggiate la migliore bicicletta per conoscere Valencia! - Passion Bike &#187; Le migliori biciclette ed ebike per godere della nostra citt\u00e0","isPartOf":{"@id":"https:\/\/www.passionbike.net\/#website"},"datePublished":"2019-01-21T15:17:38+00:00","dateModified":"2024-03-07T12:36:55+00:00","description":"Volete noleggiare una bicicletta, o una bici elettrica, per conoscere e godervi Valencia? Certo che s\u00ec! Noi di Passion Bike vi offriamo le migliori opzioni: avete bisogno di una bici vecchio stile che sia anche molto cool? Se volete una bici elettrica, abbiamo anche quella! Ma vi offriamo anche molte altre opzioni, come scooter o tandem. Contattateci per iniziare a godervi la nostra citt\u00e0 nel modo che preferite!","breadcrumb":{"@id":"https:\/\/www.passionbike.net\/it\/noleggio-biciclette-valencia\/#breadcrumb"},"inLanguage":"it-IT","potentialAction":[{"@type":"ReadAction","target":["https:\/\/www.passionbike.net\/it\/noleggio-biciclette-valencia\/"]}]},{"@type":"BreadcrumbList","@id":"https:\/\/www.passionbike.net\/it\/noleggio-biciclette-valencia\/#breadcrumb","itemListElement":[{"@type":"ListItem","position":1,"name":"Portada","item":"https:\/\/www.passionbike.net\/it\/"},{"@type":"ListItem","position":2,"name":"Noleggio biciclette"}]},{"@type":"WebSite","@id":"https:\/\/www.passionbike.net\/#website","url":"https:\/\/www.passionbike.net\/","name":"Passion Bike","description":"\u00a1Disfruta de nuestras visitas y tours guiados en bicicleta por Valencia!","publisher":{"@id":"https:\/\/www.passionbike.net\/#organization"},"alternateName":"PassionBike","potentialAction":[{"@type":"SearchAction","target":{"@type":"EntryPoint","urlTemplate":"https:\/\/www.passionbike.net\/?s={search_term_string}"},"query-input":"required name=search_term_string"}],"inLanguage":"it-IT"},{"@type":"Organization","@id":"https:\/\/www.passionbike.net\/#organization","name":"Passion Bike","alternateName":"PassionBike","url":"https:\/\/www.passionbike.net\/","logo":{"@type":"ImageObject","inLanguage":"it-IT","@id":"https:\/\/www.passionbike.net\/#\/schema\/logo\/image\/","url":"https:\/\/www.passionbike.net\/wp-content\/uploads\/2016\/12\/passionbike-logo.png","contentUrl":"https:\/\/www.passionbike.net\/wp-content\/uploads\/2016\/12\/passionbike-logo.png","width":318,"height":104,"caption":"Passion Bike"},"image":{"@id":"https:\/\/www.passionbike.net\/#\/schema\/logo\/image\/"},"sameAs":["https:\/\/www.facebook.com\/passionbikevalencia\/","https:\/\/www.instagram.com\/passionbike_valencia\/"]}]}},"_links":{"self":[{"href":"https:\/\/www.passionbike.net\/it\/wp-json\/wp\/v2\/pages\/1490"}],"collection":[{"href":"https:\/\/www.passionbike.net\/it\/wp-json\/wp\/v2\/pages"}],"about":[{"href":"https:\/\/www.passionbike.net\/it\/wp-json\/wp\/v2\/types\/page"}],"author":[{"embeddable":true,"href":"https:\/\/www.passionbike.net\/it\/wp-json\/wp\/v2\/users\/2"}],"replies":[{"embeddable":true,"href":"https:\/\/www.passionbike.net\/it\/wp-json\/wp\/v2\/comments?post=1490"}],"version-history":[{"count":41,"href":"https:\/\/www.passionbike.net\/it\/wp-json\/wp\/v2\/pages\/1490\/revisions"}],"predecessor-version":[{"id":3572,"href":"https:\/\/www.passionbike.net\/it\/wp-json\/wp\/v2\/pages\/1490\/revisions\/3572"}],"wp:attachment":[{"href":"https:\/\/www.passionbike.net\/it\/wp-json\/wp\/v2\/media?parent=1490"}],"curies":[{"name":"wp","href":"https:\/\/api.w.org\/{rel}","templated":true}]}}