{"id":66,"date":"2017-01-13T10:21:12","date_gmt":"2017-01-13T10:21:12","guid":{"rendered":"http:\/\/www.passionbike.net\/?page_id=66"},"modified":"2024-03-07T12:38:35","modified_gmt":"2024-03-07T12:38:35","slug":"tour-e-visite-guidate-in-bicicletta-a-valencia","status":"publish","type":"page","link":"https:\/\/www.passionbike.net\/it\/tour-e-visite-guidate-in-bicicletta-a-valencia\/","title":{"rendered":"Tours della citt\u00e0"},"content":{"rendered":"<p><div  class=\"fusion-fullwidth fullwidth-box nonhundred-percent-fullwidth\"  style='background-color: rgba(255,255,255,0);background-position: center center;background-repeat: no-repeat;padding-top:20px;padding-right:0px;padding-bottom:20px;padding-left:0px;'><div class=\"fusion-builder-row fusion-row \"><div  class=\"fusion-layout-column fusion_builder_column fusion_builder_column_1_1  fusion-one-full fusion-column-first fusion-column-last 1_1\"  style='margin-top:0px;margin-bottom:20px;'>\n\t\t\t<div class=\"fusion-column-wrapper\" style=\"background-position:left top;background-repeat:no-repeat;-webkit-background-size:cover;-moz-background-size:cover;-o-background-size:cover;background-size:cover;\"  data-bg-url=\"\">\n\t\t\t\t<p>Se avete raggiunto questo sito web \u00e8 perch\u00e9 probabilmente state pianificando la vostra visita a Valencia, lasciate che vi dica che\u00a0<span style=\"color: #ff9900;\">avete fatto la scelta giusta!<\/span>\u00a0Se siete alla ricerca di una\u00a0<span style=\"color: #ff9900;\">divertente escursione di gruppo<\/span>, una\u00a0<span style=\"color: #ff9900;\">divertente vacanza in famiglia<\/span>, un\u00a0<span style=\"color: #ff9900;\">viaggio culturale<\/span>\u00a0o un\u00a0<span style=\"color: #ff9900;\">weekend romantico<\/span>, avete tutto sotto controllo! A\u00a0<span style=\"color: #ff9900;\">Passion Bike<\/span>\u00a0siamo pronti ad offrirti\u00a0<span style=\"color: #333333;\">un&#8217;esperienza indimenticabile su due ruote<\/span>.<\/p>\n<p>Seguite la nostra guida, pedalate e lasciatevi impressionare dai paesaggi e dai monumenti <span style=\"color: #ff9900;\">della capitale valenciana e dei suoi dintorni<\/span>. \u00c8 possibile scegliere tra <span style=\"color: #ff9900;\">\u00a0diversi tipi di tour in bicicletta<\/span>; tour in bicicletta che collegano <span style=\"color: #ff9900;\">la citt\u00e0, la spiaggia e l&#8217;interno<\/span>, e che vi permetteranno di scoprire sia gli angoli pi\u00f9 famosi che quelli meno turistici di Valencia. Esperienze per <span style=\"color: #ff9900;\">vivere la storia e le tradizioni valenciane come locale<\/span>.<\/p>\n<style type=\"text\/css\">.fusion-portfolio-wrapper#fusion-portfolio-1 .fusion-portfolio-content{  text-align: left; }<\/style><div class=\"fusion-recent-works fusion-portfolio fusion-portfolio-1 fusion-portfolio-grid-with-text fusion-portfolio-paging-none fusion-portfolio fusion-portfolio-three fusion-portfolio-unboxed fusion-portfolio-text portfolio-citypage fusion-animated\" data-id=\"-rw-1\" data-pages=\"1\" data-columns=\"three\" data-animationType=\"bounce\" data-animationDuration=\"0.3\" data-animationOffset=\"100%\"><style type=\"text\/css\">.fusion-portfolio-1 .fusion-portfolio-wrapper .fusion-col-spacing{padding:10px;}<\/style><div class=\"fusion-portfolio-wrapper\" id=\"fusion-portfolio-1\" data-picturesize=\"fixed\" style=\"margin:-10px;\"><article class=\"fusion-portfolio-post tour-valencia fusion-col-spacing\"><div class=\"fusion-portfolio-content-wrapper\">\n\t\n\t\t\t<span class=\"vcard\" style=\"display: none;\">\n\t\t\t<span class=\"fn\">\n\t\t\t\t<a href=\"https:\/\/www.passionbike.net\/it\/author\/administrator\/\" title=\"Articoli scritti da administrator\" rel=\"author\">administrator<\/a>\t\t\t<\/span>\n\t\t<\/span>\n\t\n\t\t\t<span class=\"updated\" style=\"display:none;\">\n\t\t\t2025-08-07T11:09:14+00:00\t\t<\/span>\n\t\n\n<div class=\"fusion-image-wrapper fusion-image-size-fixed\" aria-haspopup=\"true\">\n\n\t\n\t\t<a href=\"https:\/\/www.passionbike.net\/it\/bike-tours\/valencia-beer-bike-tour\/?portfolioCats=5\">\n\t\t\t\n\t\t\t\t\t<img width=\"300\" height=\"214\" src=\"https:\/\/www.passionbike.net\/wp-content\/uploads\/2017\/01\/valencia-tour-300x214.jpg\" class=\"attachment-portfolio-three size-portfolio-three wp-post-image\" alt=\"\" decoding=\"async\" \/>\n\t\n\n\t\t<\/a>\n\n\t\n<\/div>\n<div class=\"fusion-portfolio-content\"><h2 class=\"entry-title fusion-post-title\"><a href=\"https:\/\/www.passionbike.net\/it\/bike-tours\/valencia-beer-bike-tour\/?portfolioCats=5\">Valencia Beer Bike Tour &#8211; Inglese<\/a><\/h2><div class=\"fusion-post-content\"><\/div><\/div><\/div><\/article><article class=\"fusion-portfolio-post tour-valencia fusion-col-spacing\"><div class=\"fusion-portfolio-content-wrapper\">\n\t\n\t\t\t<span class=\"vcard\" style=\"display: none;\">\n\t\t\t<span class=\"fn\">\n\t\t\t\t<a href=\"https:\/\/www.passionbike.net\/it\/author\/administrator\/\" title=\"Articoli scritti da administrator\" rel=\"author\">administrator<\/a>\t\t\t<\/span>\n\t\t<\/span>\n\t\n\t\t\t<span class=\"updated\" style=\"display:none;\">\n\t\t\t2024-06-03T09:14:44+00:00\t\t<\/span>\n\t\n\n<div class=\"fusion-image-wrapper fusion-image-size-fixed\" aria-haspopup=\"true\">\n\n\t\n\t\t<a href=\"https:\/\/www.passionbike.net\/it\/bike-tours\/valencia-citta-bike-tour-visita-inglese-guiada\/?portfolioCats=5\">\n\t\t\t\n\t\t\t\t\t<img width=\"300\" height=\"214\" src=\"https:\/\/www.passionbike.net\/wp-content\/uploads\/2017\/01\/city-tour-300x214.jpg\" class=\"attachment-portfolio-three size-portfolio-three wp-post-image\" alt=\"\" decoding=\"async\" \/>\n\t\n\n\t\t<\/a>\n\n\t\n<\/div>\n<div class=\"fusion-portfolio-content\"><h2 class=\"entry-title fusion-post-title\"><a href=\"https:\/\/www.passionbike.net\/it\/bike-tours\/valencia-citta-bike-tour-visita-inglese-guiada\/?portfolioCats=5\">Valencia City Bike Tour &#8211; Inglese<\/a><\/h2><div class=\"fusion-post-content\"><\/div><\/div><\/div><\/article><article class=\"fusion-portfolio-post tour-valencia fusion-col-spacing\"><div class=\"fusion-portfolio-content-wrapper\">\n\t\n\t\t\t<span class=\"vcard\" style=\"display: none;\">\n\t\t\t<span class=\"fn\">\n\t\t\t\t<a href=\"https:\/\/www.passionbike.net\/it\/author\/administrator\/\" title=\"Articoli scritti da administrator\" rel=\"author\">administrator<\/a>\t\t\t<\/span>\n\t\t<\/span>\n\t\n\t\t\t<span class=\"updated\" style=\"display:none;\">\n\t\t\t2024-06-03T09:12:14+00:00\t\t<\/span>\n\t\n\n<div class=\"fusion-image-wrapper fusion-image-size-fixed\" aria-haspopup=\"true\">\n\n\t\n\t\t<a href=\"https:\/\/www.passionbike.net\/it\/bike-tours\/valencia-bike-night-tour-visita-guidata-notturna-in-bicicletta-in-inglese\/?portfolioCats=5\">\n\t\t\t\n\t\t\t\t\t<img width=\"300\" height=\"214\" src=\"https:\/\/www.passionbike.net\/wp-content\/uploads\/2017\/01\/night-tour-300x214.jpg\" class=\"attachment-portfolio-three size-portfolio-three wp-post-image\" alt=\"\" decoding=\"async\" \/>\n\t\n\n\t\t<\/a>\n\n\t\n<\/div>\n<div class=\"fusion-portfolio-content\"><h2 class=\"entry-title fusion-post-title\"><a href=\"https:\/\/www.passionbike.net\/it\/bike-tours\/valencia-bike-night-tour-visita-guidata-notturna-in-bicicletta-in-inglese\/?portfolioCats=5\">Valencia Bike Night Tour &#8211; Inglese<\/a><\/h2><div class=\"fusion-post-content\"><\/div><\/div><\/div><\/article><\/div><\/div><div class=\"fusion-clearfix\"><\/div>\n\n\t\t\t<\/div>\n\t\t<\/div><\/div><\/div><div  class=\"fusion-fullwidth fullwidth-box nonhundred-percent-fullwidth\"  style='background-color: rgba(255,255,255,0);background-position: center center;background-repeat: no-repeat;padding-top:20px;padding-right:0px;padding-bottom:20px;padding-left:0px;'><div class=\"fusion-builder-row fusion-row \"><div  class=\"fusion-layout-column fusion_builder_column fusion_builder_column_1_1  fusion-one-full fusion-column-first fusion-column-last 1_1\"  style='margin-top:0px;margin-bottom:20px;width:100%'>\n\t\t\t<div class=\"fusion-column-wrapper\" style=\"background-position:left top;background-repeat:no-repeat;-webkit-background-size:cover;-moz-background-size:cover;-o-background-size:cover;background-size:cover;\"  data-bg-url=\"\">\n\t\t\t\t<div class=\"fusion-sep-clear\"><\/div><div class=\"fusion-separator fusion-full-width-sep sep-none\" style=\"margin-left: auto;margin-right: auto;margin-top:30px;\"><\/div><div class=\"fusion-section-separator section-separator\" style=\"border:2px solid #f6f6f6;margin-left:-0px;margin-right:-0px;\"><div class=\"section-separator-icon icon fa fa-bicycle\" style=\"color:#ffffff;\"><\/div><div class=\"divider-candy both\" style=\"background-color:#ff9800;border:1px solid #f6f6f6;\"><\/div><\/div><div class=\"fusion-sep-clear\"><\/div><div class=\"fusion-separator fusion-full-width-sep sep-none\" style=\"margin-left: auto;margin-right: auto;margin-top:0px;margin-bottom:30px;\"><\/div><div class=\"fusion-clearfix\"><\/div>\n\n\t\t\t<\/div>\n\t\t<\/div><\/div><\/div><div  class=\"fusion-fullwidth fullwidth-box nonhundred-percent-fullwidth\"  style='background-color: rgba(255,255,255,0);background-position: center center;background-repeat: no-repeat;padding-top:20px;padding-right:0px;padding-bottom:20px;padding-left:0px;'><div class=\"fusion-builder-row fusion-row \"><div  class=\"fusion-layout-column fusion_builder_column fusion_builder_column_1_3  fusion-one-third fusion-column-first 1_3\"  style='margin-top:0px;margin-bottom:20px;width:30.6666%; margin-right: 4%;'>\n\t\t\t<div class=\"fusion-column-wrapper\" style=\"background-position:left top;background-repeat:no-repeat;-webkit-background-size:cover;-moz-background-size:cover;-o-background-size:cover;background-size:cover;\"  data-bg-url=\"\">\n\t\t\t\t<div class=\"fusion-sep-clear\"><\/div><div class=\"fusion-separator fusion-full-width-sep sep-none\" style=\"margin-left: auto;margin-right: auto;margin-top:20px;\"><\/div><div class=\"fusion-clearfix\"><\/div>\n\n\t\t\t<\/div>\n\t\t<\/div><div  class=\"fusion-layout-column fusion_builder_column fusion_builder_column_1_3  fusion-one-third 1_3\"  style='margin-top:0px;margin-bottom:20px;width:30.6666%; margin-right: 4%;'>\n\t\t\t<div class=\"fusion-column-wrapper\" style=\"background-position:left top;background-repeat:no-repeat;-webkit-background-size:cover;-moz-background-size:cover;-o-background-size:cover;background-size:cover;\"  data-bg-url=\"\">\n\t\t\t\t<div class=\"fusion-sep-clear\"><\/div><div class=\"fusion-separator fusion-full-width-sep sep-none\" style=\"margin-left: auto;margin-right: auto;margin-top:20px;\"><\/div><p style=\"text-align: center;\">\u2022\u00a0<a href=\"https:\/\/www.passionbike.net\/informativa-sulla-privacy\/\">Informativa sulla privacy<\/a><\/p>\n<p style=\"text-align: center;\">\u2022\u00a0<a href=\"https:\/\/www.passionbike.net\/condizioni-di-cancellazione\/\">Condizioni di Cancellazione<\/a><\/p>\n<p style=\"text-align: center;\">\u2022\u00a0<a href=\"https:\/\/www.passionbike.net\/deposito-bagagli\/\">Deposito bagagli<\/a><\/p>\n<div class=\"fusion-clearfix\"><\/div>\n\n\t\t\t<\/div>\n\t\t<\/div><div  class=\"fusion-layout-column fusion_builder_column fusion_builder_column_1_3  fusion-one-third fusion-column-last 1_3\"  style='margin-top:0px;margin-bottom:20px;width:30.6666%'>\n\t\t\t<div class=\"fusion-column-wrapper\" style=\"background-position:left top;background-repeat:no-repeat;-webkit-background-size:cover;-moz-background-size:cover;-o-background-size:cover;background-size:cover;\"  data-bg-url=\"\">\n\t\t\t\t<div class=\"fusion-sep-clear\"><\/div><div class=\"fusion-separator fusion-full-width-sep sep-none\" style=\"margin-left: auto;margin-right: auto;margin-top:20px;\"><\/div><div class=\"fusion-clearfix\"><\/div>\n\n\t\t\t<\/div>\n\t\t<\/div><\/div><\/div><\/p>\n","protected":false},"excerpt":{"rendered":"","protected":false},"author":3,"featured_media":0,"parent":0,"menu_order":0,"comment_status":"closed","ping_status":"closed","template":"100-width.php","meta":{"footnotes":"","_joinchat":[]},"yoast_head":"<!-- This site is optimized with the Yoast SEO plugin v22.2 - https:\/\/yoast.com\/wordpress\/plugins\/seo\/ -->\n<title>I migliori tour in bicicletta! - Passion Bike &#187; Godetevi Valencia con i migliori tour guidati in bicicletta della citt\u00e0<\/title>\n<meta name=\"description\" content=\"Volete una bicicletta e semplicemente scoprire e conoscere tutta la storia di Valencia con le migliori guide della citt\u00e0. Con noi \u00e8 facile! La Citt\u00e0 delle Arti e delle Scienze, l&#039;Oceanogr\u00e0fic, la Cattedrale di Valencia, il centro storico e il quartiere di El Carmen... tutto \u00e8 a portata di mano, cos\u00ec potrete godervi i migliori tour in bicicletta di Valencia. Potete farlo in gruppo, con il vostro partner, con la vostra famiglia... Non importa, perch\u00e9 noi vi offriamo tutte le opzioni! Contattateci!\" \/>\n<meta name=\"robots\" content=\"index, follow, max-snippet:-1, max-image-preview:large, max-video-preview:-1\" \/>\n<link rel=\"canonical\" href=\"https:\/\/www.passionbike.net\/it\/tour-e-visite-guidate-in-bicicletta-a-valencia\/\" \/>\n<meta property=\"og:locale\" content=\"it_IT\" \/>\n<meta property=\"og:type\" content=\"article\" \/>\n<meta property=\"og:title\" content=\"I migliori tour in bicicletta! - Passion Bike &#187; Godetevi Valencia con i migliori tour guidati in bicicletta della citt\u00e0\" \/>\n<meta property=\"og:description\" content=\"Volete una bicicletta e semplicemente scoprire e conoscere tutta la storia di Valencia con le migliori guide della citt\u00e0. Con noi \u00e8 facile! La Citt\u00e0 delle Arti e delle Scienze, l&#039;Oceanogr\u00e0fic, la Cattedrale di Valencia, il centro storico e il quartiere di El Carmen... tutto \u00e8 a portata di mano, cos\u00ec potrete godervi i migliori tour in bicicletta di Valencia. Potete farlo in gruppo, con il vostro partner, con la vostra famiglia... Non importa, perch\u00e9 noi vi offriamo tutte le opzioni! Contattateci!\" \/>\n<meta property=\"og:url\" content=\"https:\/\/www.passionbike.net\/it\/tour-e-visite-guidate-in-bicicletta-a-valencia\/\" \/>\n<meta property=\"og:site_name\" content=\"Passion Bike\" \/>\n<meta property=\"article:publisher\" content=\"https:\/\/www.facebook.com\/passionbikevalencia\/\" \/>\n<meta property=\"article:modified_time\" content=\"2024-03-07T12:38:35+00:00\" \/>\n<meta property=\"og:image\" content=\"https:\/\/www.passionbike.net\/wp-content\/uploads\/2023\/12\/NIGHT-TOUR-5-1024x682.png\" \/>\n\t<meta property=\"og:image:width\" content=\"1024\" \/>\n\t<meta property=\"og:image:height\" content=\"682\" \/>\n\t<meta property=\"og:image:type\" content=\"image\/png\" \/>\n<meta name=\"twitter:card\" content=\"summary_large_image\" \/>\n<meta name=\"twitter:label1\" content=\"Tempo di lettura stimato\" \/>\n\t<meta name=\"twitter:data1\" content=\"2 minuti\" \/>\n<script type=\"application\/ld+json\" class=\"yoast-schema-graph\">{\"@context\":\"https:\/\/schema.org\",\"@graph\":[{\"@type\":\"WebPage\",\"@id\":\"https:\/\/www.passionbike.net\/it\/tour-e-visite-guidate-in-bicicletta-a-valencia\/\",\"url\":\"https:\/\/www.passionbike.net\/it\/tour-e-visite-guidate-in-bicicletta-a-valencia\/\",\"name\":\"I migliori tour in bicicletta! - Passion Bike &#187; Godetevi Valencia con i migliori tour guidati in bicicletta della citt\u00e0\",\"isPartOf\":{\"@id\":\"https:\/\/www.passionbike.net\/#website\"},\"datePublished\":\"2017-01-13T10:21:12+00:00\",\"dateModified\":\"2024-03-07T12:38:35+00:00\",\"description\":\"Volete una bicicletta e semplicemente scoprire e conoscere tutta la storia di Valencia con le migliori guide della citt\u00e0. Con noi \u00e8 facile! La Citt\u00e0 delle Arti e delle Scienze, l'Oceanogr\u00e0fic, la Cattedrale di Valencia, il centro storico e il quartiere di El Carmen... tutto \u00e8 a portata di mano, cos\u00ec potrete godervi i migliori tour in bicicletta di Valencia. Potete farlo in gruppo, con il vostro partner, con la vostra famiglia... Non importa, perch\u00e9 noi vi offriamo tutte le opzioni! Contattateci!\",\"breadcrumb\":{\"@id\":\"https:\/\/www.passionbike.net\/it\/tour-e-visite-guidate-in-bicicletta-a-valencia\/#breadcrumb\"},\"inLanguage\":\"it-IT\",\"potentialAction\":[{\"@type\":\"ReadAction\",\"target\":[\"https:\/\/www.passionbike.net\/it\/tour-e-visite-guidate-in-bicicletta-a-valencia\/\"]}]},{\"@type\":\"BreadcrumbList\",\"@id\":\"https:\/\/www.passionbike.net\/it\/tour-e-visite-guidate-in-bicicletta-a-valencia\/#breadcrumb\",\"itemListElement\":[{\"@type\":\"ListItem\",\"position\":1,\"name\":\"Portada\",\"item\":\"https:\/\/www.passionbike.net\/it\/\"},{\"@type\":\"ListItem\",\"position\":2,\"name\":\"Tours della citt\u00e0\"}]},{\"@type\":\"WebSite\",\"@id\":\"https:\/\/www.passionbike.net\/#website\",\"url\":\"https:\/\/www.passionbike.net\/\",\"name\":\"Passion Bike\",\"description\":\"\u00a1Disfruta de nuestras visitas y tours guiados en bicicleta por Valencia!\",\"publisher\":{\"@id\":\"https:\/\/www.passionbike.net\/#organization\"},\"alternateName\":\"PassionBike\",\"potentialAction\":[{\"@type\":\"SearchAction\",\"target\":{\"@type\":\"EntryPoint\",\"urlTemplate\":\"https:\/\/www.passionbike.net\/?s={search_term_string}\"},\"query-input\":\"required name=search_term_string\"}],\"inLanguage\":\"it-IT\"},{\"@type\":\"Organization\",\"@id\":\"https:\/\/www.passionbike.net\/#organization\",\"name\":\"Passion Bike\",\"alternateName\":\"PassionBike\",\"url\":\"https:\/\/www.passionbike.net\/\",\"logo\":{\"@type\":\"ImageObject\",\"inLanguage\":\"it-IT\",\"@id\":\"https:\/\/www.passionbike.net\/#\/schema\/logo\/image\/\",\"url\":\"https:\/\/www.passionbike.net\/wp-content\/uploads\/2016\/12\/passionbike-logo.png\",\"contentUrl\":\"https:\/\/www.passionbike.net\/wp-content\/uploads\/2016\/12\/passionbike-logo.png\",\"width\":318,\"height\":104,\"caption\":\"Passion Bike\"},\"image\":{\"@id\":\"https:\/\/www.passionbike.net\/#\/schema\/logo\/image\/\"},\"sameAs\":[\"https:\/\/www.facebook.com\/passionbikevalencia\/\",\"https:\/\/www.instagram.com\/passionbike_valencia\/\"]}]}<\/script>\n<!-- \/ Yoast SEO plugin. -->","yoast_head_json":{"title":"I migliori tour in bicicletta! - Passion Bike &#187; Godetevi Valencia con i migliori tour guidati in bicicletta della citt\u00e0","description":"Volete una bicicletta e semplicemente scoprire e conoscere tutta la storia di Valencia con le migliori guide della citt\u00e0. Con noi \u00e8 facile! La Citt\u00e0 delle Arti e delle Scienze, l'Oceanogr\u00e0fic, la Cattedrale di Valencia, il centro storico e il quartiere di El Carmen... tutto \u00e8 a portata di mano, cos\u00ec potrete godervi i migliori tour in bicicletta di Valencia. Potete farlo in gruppo, con il vostro partner, con la vostra famiglia... Non importa, perch\u00e9 noi vi offriamo tutte le opzioni! Contattateci!","robots":{"index":"index","follow":"follow","max-snippet":"max-snippet:-1","max-image-preview":"max-image-preview:large","max-video-preview":"max-video-preview:-1"},"canonical":"https:\/\/www.passionbike.net\/it\/tour-e-visite-guidate-in-bicicletta-a-valencia\/","og_locale":"it_IT","og_type":"article","og_title":"I migliori tour in bicicletta! - Passion Bike &#187; Godetevi Valencia con i migliori tour guidati in bicicletta della citt\u00e0","og_description":"Volete una bicicletta e semplicemente scoprire e conoscere tutta la storia di Valencia con le migliori guide della citt\u00e0. Con noi \u00e8 facile! La Citt\u00e0 delle Arti e delle Scienze, l'Oceanogr\u00e0fic, la Cattedrale di Valencia, il centro storico e il quartiere di El Carmen... tutto \u00e8 a portata di mano, cos\u00ec potrete godervi i migliori tour in bicicletta di Valencia. Potete farlo in gruppo, con il vostro partner, con la vostra famiglia... Non importa, perch\u00e9 noi vi offriamo tutte le opzioni! Contattateci!","og_url":"https:\/\/www.passionbike.net\/it\/tour-e-visite-guidate-in-bicicletta-a-valencia\/","og_site_name":"Passion Bike","article_publisher":"https:\/\/www.facebook.com\/passionbikevalencia\/","article_modified_time":"2024-03-07T12:38:35+00:00","og_image":[{"width":1024,"height":682,"url":"https:\/\/www.passionbike.net\/wp-content\/uploads\/2023\/12\/NIGHT-TOUR-5-1024x682.png","type":"image\/png"}],"twitter_card":"summary_large_image","twitter_misc":{"Tempo di lettura stimato":"2 minuti"},"schema":{"@context":"https:\/\/schema.org","@graph":[{"@type":"WebPage","@id":"https:\/\/www.passionbike.net\/it\/tour-e-visite-guidate-in-bicicletta-a-valencia\/","url":"https:\/\/www.passionbike.net\/it\/tour-e-visite-guidate-in-bicicletta-a-valencia\/","name":"I migliori tour in bicicletta! - Passion Bike &#187; Godetevi Valencia con i migliori tour guidati in bicicletta della citt\u00e0","isPartOf":{"@id":"https:\/\/www.passionbike.net\/#website"},"datePublished":"2017-01-13T10:21:12+00:00","dateModified":"2024-03-07T12:38:35+00:00","description":"Volete una bicicletta e semplicemente scoprire e conoscere tutta la storia di Valencia con le migliori guide della citt\u00e0. Con noi \u00e8 facile! La Citt\u00e0 delle Arti e delle Scienze, l'Oceanogr\u00e0fic, la Cattedrale di Valencia, il centro storico e il quartiere di El Carmen... tutto \u00e8 a portata di mano, cos\u00ec potrete godervi i migliori tour in bicicletta di Valencia. Potete farlo in gruppo, con il vostro partner, con la vostra famiglia... Non importa, perch\u00e9 noi vi offriamo tutte le opzioni! Contattateci!","breadcrumb":{"@id":"https:\/\/www.passionbike.net\/it\/tour-e-visite-guidate-in-bicicletta-a-valencia\/#breadcrumb"},"inLanguage":"it-IT","potentialAction":[{"@type":"ReadAction","target":["https:\/\/www.passionbike.net\/it\/tour-e-visite-guidate-in-bicicletta-a-valencia\/"]}]},{"@type":"BreadcrumbList","@id":"https:\/\/www.passionbike.net\/it\/tour-e-visite-guidate-in-bicicletta-a-valencia\/#breadcrumb","itemListElement":[{"@type":"ListItem","position":1,"name":"Portada","item":"https:\/\/www.passionbike.net\/it\/"},{"@type":"ListItem","position":2,"name":"Tours della citt\u00e0"}]},{"@type":"WebSite","@id":"https:\/\/www.passionbike.net\/#website","url":"https:\/\/www.passionbike.net\/","name":"Passion Bike","description":"\u00a1Disfruta de nuestras visitas y tours guiados en bicicleta por Valencia!","publisher":{"@id":"https:\/\/www.passionbike.net\/#organization"},"alternateName":"PassionBike","potentialAction":[{"@type":"SearchAction","target":{"@type":"EntryPoint","urlTemplate":"https:\/\/www.passionbike.net\/?s={search_term_string}"},"query-input":"required name=search_term_string"}],"inLanguage":"it-IT"},{"@type":"Organization","@id":"https:\/\/www.passionbike.net\/#organization","name":"Passion Bike","alternateName":"PassionBike","url":"https:\/\/www.passionbike.net\/","logo":{"@type":"ImageObject","inLanguage":"it-IT","@id":"https:\/\/www.passionbike.net\/#\/schema\/logo\/image\/","url":"https:\/\/www.passionbike.net\/wp-content\/uploads\/2016\/12\/passionbike-logo.png","contentUrl":"https:\/\/www.passionbike.net\/wp-content\/uploads\/2016\/12\/passionbike-logo.png","width":318,"height":104,"caption":"Passion Bike"},"image":{"@id":"https:\/\/www.passionbike.net\/#\/schema\/logo\/image\/"},"sameAs":["https:\/\/www.facebook.com\/passionbikevalencia\/","https:\/\/www.instagram.com\/passionbike_valencia\/"]}]}},"_links":{"self":[{"href":"https:\/\/www.passionbike.net\/it\/wp-json\/wp\/v2\/pages\/66"}],"collection":[{"href":"https:\/\/www.passionbike.net\/it\/wp-json\/wp\/v2\/pages"}],"about":[{"href":"https:\/\/www.passionbike.net\/it\/wp-json\/wp\/v2\/types\/page"}],"author":[{"embeddable":true,"href":"https:\/\/www.passionbike.net\/it\/wp-json\/wp\/v2\/users\/3"}],"replies":[{"embeddable":true,"href":"https:\/\/www.passionbike.net\/it\/wp-json\/wp\/v2\/comments?post=66"}],"version-history":[{"count":72,"href":"https:\/\/www.passionbike.net\/it\/wp-json\/wp\/v2\/pages\/66\/revisions"}],"predecessor-version":[{"id":3574,"href":"https:\/\/www.passionbike.net\/it\/wp-json\/wp\/v2\/pages\/66\/revisions\/3574"}],"wp:attachment":[{"href":"https:\/\/www.passionbike.net\/it\/wp-json\/wp\/v2\/media?parent=66"}],"curies":[{"name":"wp","href":"https:\/\/api.w.org\/{rel}","templated":true}]}}