{"id":69,"date":"2017-01-13T10:29:54","date_gmt":"2017-01-13T10:29:54","guid":{"rendered":"http:\/\/www.passionbike.net\/?page_id=69"},"modified":"2024-12-03T11:13:57","modified_gmt":"2024-12-03T11:13:57","slug":"chi-siamo-passion-bike-valencia","status":"publish","type":"page","link":"https:\/\/www.passionbike.net\/it\/chi-siamo-passion-bike-valencia\/","title":{"rendered":"Chi siamo"},"content":{"rendered":"<p><div  class=\"fusion-fullwidth fullwidth-box nonhundred-percent-fullwidth\"  style='background-color: rgba(255,255,255,0);background-position: center center;background-repeat: no-repeat;padding-top:20px;padding-right:0px;padding-bottom:20px;padding-left:0px;'><div class=\"fusion-builder-row fusion-row \"><div  class=\"fusion-layout-column fusion_builder_column fusion_builder_column_1_1  fusion-one-full fusion-column-first fusion-column-last 1_1\"  style='margin-top:0px;margin-bottom:20px;'>\n\t\t\t<div class=\"fusion-column-wrapper\" style=\"background-position:left top;background-repeat:no-repeat;-webkit-background-size:cover;-moz-background-size:cover;-o-background-size:cover;background-size:cover;\"  data-bg-url=\"\">\n\t\t\t\t<p><span style=\"color: #ff9900;\">Passion Bike<\/span> \u00e8 un&#8217;idea di turismo, \u00e8 il piacere di scoprire il mondo in bicicletta, lentamente e senza altri pensieri. Dopo anni di pianificazione di percorsi ciclabili e di pedalate in Europa, il team <span style=\"color: #ff9900;\">Passion Bike<\/span> si ferma a <span style=\"color: #ff9900;\">Valencia<\/span> dove fonda la prima Rent Boutique. Poco dopo \u00e8 nata Passion Bike M\u00e1laga, attiva fino a ottobre 2018.<\/p>\n<p>In <span style=\"color: #ff9900;\">Passion Bike<\/span> noleggiamo biciclette, guidiamo i turisti attraverso i luoghi pi\u00f9 emblematici e belli di <span style=\"color: #ff9900;\">Valencia<\/span> e organizziamo vacanze in bicicletta per ciclisti professionisti, gruppi di amici, aziende o famiglie. Facciamo tutto questo in collaborazione con i principali tour operator, guide professionali e con il nostro team imbattibile. Ma in <span style=\"color: #ff9900;\">Passion Bike<\/span> facciamo molto di pi\u00f9, vi offriamo un modo diverso di viaggiare in cui la vostra massima soddisfazione \u00e8 il nostro obiettivo quotidiano.<\/p>\n<p><span style=\"color: #ff9900;\">Passion Bike<\/span> ha attualmente un ufficio a Valencia: <span style=\"color: #ff9900;\">Passion Bike Centro<\/span> (Calle Abad\u00eda de Sant Mart\u00ed 4 bajo, 46002 Valencia).<\/p>\n<div class=\"fusion-clearfix\"><\/div>\n\n\t\t\t<\/div>\n\t\t<\/div><\/div><\/div><div  class=\"fusion-fullwidth fullwidth-box firstrow-crew nonhundred-percent-fullwidth\"  style='background-color: rgba(255,255,255,0);background-position: center center;background-repeat: no-repeat;padding-top:20px;padding-right:0px;padding-bottom:20px;padding-left:0px;'><div class=\"fusion-builder-row fusion-row \"><div  class=\"fusion-layout-column fusion_builder_column fusion_builder_column_2_5  fusion-two-fifth fusion-column-first 2_5\"  style='margin-top:0px;margin-bottom:20px;width:40%;width:calc(40% - ( ( 4% + 4% ) * 0.4 ) );margin-right: 4%;'>\n\t\t\t<div class=\"fusion-column-wrapper\" style=\"background-position:left top;background-repeat:no-repeat;-webkit-background-size:cover;-moz-background-size:cover;-o-background-size:cover;background-size:cover;\"  data-bg-url=\"\">\n\t\t\t\t<div class=\"fusion-person person fusion-person-left fusion-person-icon-top\"><div class=\"person-shortcode-image-wrapper\"><div class=\"person-image-container hover-type-none\" style=\"-webkit-border-radius:0px;-moz-border-radius:0px;border-radius:0px;\"><img class=\"person-img img-responsive\" style=\"-webkit-border-radius:0px;-moz-border-radius:0px;border-radius:0px;border:0px solid #f6f6f6;\" src=\"https:\/\/www.passionbike.net\/wp-content\/uploads\/2017\/01\/pier-paolo-leonardi.jpg\" alt=\"Pier Paolo Leonardi\" \/><\/div><\/div><div class=\"person-desc\"><div class=\"person-author\"><div class=\"person-author-wrapper\"><span class=\"person-name\">Pier Paolo Leonardi<\/span><span class=\"person-title\">Fondatore e Direttore di Passion Bike Valencia. Creatore del percorso. Guida italiana, inglese e spagnola.<\/span><\/div><\/div><div class=\"person-content fusion-clearfix\"><\/div><\/div><\/div><div class=\"fusion-clearfix\"><\/div>\n\n\t\t\t<\/div>\n\t\t<\/div><div  class=\"fusion-layout-column fusion_builder_column fusion_builder_column_1_6  fusion-one-sixth 1_6\"  style='margin-top:0px;margin-bottom:20px;width:16.66%;width:calc(16.66% - ( ( 4% + 4% ) * 0.1666 ) );margin-right: 4%;'>\n\t\t\t<div class=\"fusion-column-wrapper\" style=\"background-position:left top;background-repeat:no-repeat;-webkit-background-size:cover;-moz-background-size:cover;-o-background-size:cover;background-size:cover;\"  data-bg-url=\"\">\n\t\t\t\t<div class=\"fusion-clearfix\"><\/div>\n\n\t\t\t<\/div>\n\t\t<\/div><div  class=\"fusion-layout-column fusion_builder_column fusion_builder_column_2_5  fusion-two-fifth fusion-column-last 2_5\"  style='margin-top:0px;margin-bottom:20px;width:40%;width:calc(40% - ( ( 4% + 4% ) * 0.4 ) );'>\n\t\t\t<div class=\"fusion-column-wrapper\" style=\"background-position:left top;background-repeat:no-repeat;-webkit-background-size:cover;-moz-background-size:cover;-o-background-size:cover;background-size:cover;\"  data-bg-url=\"\">\n\t\t\t\t<div class=\"fusion-person person fusion-person-left fusion-person-icon-top\"><div class=\"person-shortcode-image-wrapper\"><div class=\"person-image-container hover-type-none\" style=\"-webkit-border-radius:0px;-moz-border-radius:0px;border-radius:0px;\"><img class=\"person-img img-responsive\" style=\"-webkit-border-radius:0px;-moz-border-radius:0px;border-radius:0px;border:0px solid #f6f6f6;\" src=\"https:\/\/www.passionbike.net\/wp-content\/uploads\/2017\/01\/mentxu.jpg\" alt=\"Carmen Brell (Mentxu)\" \/><\/div><\/div><div class=\"person-desc\"><div class=\"person-author\"><div class=\"person-author-wrapper\"><span class=\"person-name\">Carmen Brell (Mentxu)<\/span><span class=\"person-title\">Manager. Ufficio commerciale Valencia. Amministrazione. Spagnolo e inglese.<\/span><\/div><\/div><div class=\"person-content fusion-clearfix\"><\/div><\/div><\/div><div class=\"fusion-clearfix\"><\/div>\n\n\t\t\t<\/div>\n\t\t<\/div><\/div><\/div><\/p>\n","protected":false},"excerpt":{"rendered":"","protected":false},"author":3,"featured_media":0,"parent":0,"menu_order":0,"comment_status":"closed","ping_status":"closed","template":"","meta":{"footnotes":"","_joinchat":[]},"yoast_head":"<!-- This site is optimized with the Yoast SEO plugin v22.2 - https:\/\/yoast.com\/wordpress\/plugins\/seo\/ -->\n<title>Conosciamoci! - Passion Bike Valencia &#187; I migliori tour e visite guidate in bicicletta della citt\u00e0.<\/title>\n<meta name=\"description\" content=\"Ci piace andare in bicicletta. Ci \u00e8 sempre piaciuto. Ed \u00e8 cos\u00ec che siamo nati. Passion Bike Valencia \u00e8 un progetto di vita, di passione per la bicicletta, che ha gi\u00e0 due sedi a Valencia. Avete bisogno di un tour in bicicletta della Citt\u00e0 delle Arti e delle Scienze? Possiamo guidarvi e organizzare una visita guidata del centro storico per mostrarvi la bellissima Cattedrale di Valencia. O forse avete bisogno di un servizio di noleggio biciclette? Possiamo fornire anche questo. Per rendervi la vita pi\u00f9 facile, organizziamo anche le vostre vacanze se venite con la vostra famiglia o con la vostra compagnia per godervi Valencia in bicicletta... Siamo tutto questo e molto di pi\u00f9: contattateci e godetevi tutto ci\u00f2 che possiamo offrirvi!\" \/>\n<meta name=\"robots\" content=\"index, follow, max-snippet:-1, max-image-preview:large, max-video-preview:-1\" \/>\n<link rel=\"canonical\" href=\"https:\/\/www.passionbike.net\/it\/chi-siamo-passion-bike-valencia\/\" \/>\n<meta property=\"og:locale\" content=\"it_IT\" \/>\n<meta property=\"og:type\" content=\"article\" \/>\n<meta property=\"og:title\" content=\"Conosciamoci! - Passion Bike Valencia &#187; I migliori tour e visite guidate in bicicletta della citt\u00e0.\" \/>\n<meta property=\"og:description\" content=\"Ci piace andare in bicicletta. Ci \u00e8 sempre piaciuto. Ed \u00e8 cos\u00ec che siamo nati. Passion Bike Valencia \u00e8 un progetto di vita, di passione per la bicicletta, che ha gi\u00e0 due sedi a Valencia. Avete bisogno di un tour in bicicletta della Citt\u00e0 delle Arti e delle Scienze? Possiamo guidarvi e organizzare una visita guidata del centro storico per mostrarvi la bellissima Cattedrale di Valencia. O forse avete bisogno di un servizio di noleggio biciclette? Possiamo fornire anche questo. Per rendervi la vita pi\u00f9 facile, organizziamo anche le vostre vacanze se venite con la vostra famiglia o con la vostra compagnia per godervi Valencia in bicicletta... Siamo tutto questo e molto di pi\u00f9: contattateci e godetevi tutto ci\u00f2 che possiamo offrirvi!\" \/>\n<meta property=\"og:url\" content=\"https:\/\/www.passionbike.net\/it\/chi-siamo-passion-bike-valencia\/\" \/>\n<meta property=\"og:site_name\" content=\"Passion Bike\" \/>\n<meta property=\"article:publisher\" content=\"https:\/\/www.facebook.com\/passionbikevalencia\/\" \/>\n<meta property=\"article:modified_time\" content=\"2024-12-03T11:13:57+00:00\" \/>\n<meta property=\"og:image\" content=\"https:\/\/www.passionbike.net\/wp-content\/uploads\/2023\/12\/NIGHT-TOUR-5-1024x682.png\" \/>\n\t<meta property=\"og:image:width\" content=\"1024\" \/>\n\t<meta property=\"og:image:height\" content=\"682\" \/>\n\t<meta property=\"og:image:type\" content=\"image\/png\" \/>\n<meta name=\"twitter:card\" content=\"summary_large_image\" \/>\n<meta name=\"twitter:label1\" content=\"Tempo di lettura stimato\" \/>\n\t<meta name=\"twitter:data1\" content=\"2 minuti\" \/>\n<script type=\"application\/ld+json\" class=\"yoast-schema-graph\">{\"@context\":\"https:\/\/schema.org\",\"@graph\":[{\"@type\":\"WebPage\",\"@id\":\"https:\/\/www.passionbike.net\/it\/chi-siamo-passion-bike-valencia\/\",\"url\":\"https:\/\/www.passionbike.net\/it\/chi-siamo-passion-bike-valencia\/\",\"name\":\"Conosciamoci! - Passion Bike Valencia &#187; I migliori tour e visite guidate in bicicletta della citt\u00e0.\",\"isPartOf\":{\"@id\":\"https:\/\/www.passionbike.net\/#website\"},\"datePublished\":\"2017-01-13T10:29:54+00:00\",\"dateModified\":\"2024-12-03T11:13:57+00:00\",\"description\":\"Ci piace andare in bicicletta. Ci \u00e8 sempre piaciuto. Ed \u00e8 cos\u00ec che siamo nati. Passion Bike Valencia \u00e8 un progetto di vita, di passione per la bicicletta, che ha gi\u00e0 due sedi a Valencia. Avete bisogno di un tour in bicicletta della Citt\u00e0 delle Arti e delle Scienze? Possiamo guidarvi e organizzare una visita guidata del centro storico per mostrarvi la bellissima Cattedrale di Valencia. O forse avete bisogno di un servizio di noleggio biciclette? Possiamo fornire anche questo. Per rendervi la vita pi\u00f9 facile, organizziamo anche le vostre vacanze se venite con la vostra famiglia o con la vostra compagnia per godervi Valencia in bicicletta... Siamo tutto questo e molto di pi\u00f9: contattateci e godetevi tutto ci\u00f2 che possiamo offrirvi!\",\"breadcrumb\":{\"@id\":\"https:\/\/www.passionbike.net\/it\/chi-siamo-passion-bike-valencia\/#breadcrumb\"},\"inLanguage\":\"it-IT\",\"potentialAction\":[{\"@type\":\"ReadAction\",\"target\":[\"https:\/\/www.passionbike.net\/it\/chi-siamo-passion-bike-valencia\/\"]}]},{\"@type\":\"BreadcrumbList\",\"@id\":\"https:\/\/www.passionbike.net\/it\/chi-siamo-passion-bike-valencia\/#breadcrumb\",\"itemListElement\":[{\"@type\":\"ListItem\",\"position\":1,\"name\":\"Portada\",\"item\":\"https:\/\/www.passionbike.net\/it\/\"},{\"@type\":\"ListItem\",\"position\":2,\"name\":\"Chi siamo\"}]},{\"@type\":\"WebSite\",\"@id\":\"https:\/\/www.passionbike.net\/#website\",\"url\":\"https:\/\/www.passionbike.net\/\",\"name\":\"Passion Bike\",\"description\":\"\u00a1Disfruta de nuestras visitas y tours guiados en bicicleta por Valencia!\",\"publisher\":{\"@id\":\"https:\/\/www.passionbike.net\/#organization\"},\"alternateName\":\"PassionBike\",\"potentialAction\":[{\"@type\":\"SearchAction\",\"target\":{\"@type\":\"EntryPoint\",\"urlTemplate\":\"https:\/\/www.passionbike.net\/?s={search_term_string}\"},\"query-input\":\"required name=search_term_string\"}],\"inLanguage\":\"it-IT\"},{\"@type\":\"Organization\",\"@id\":\"https:\/\/www.passionbike.net\/#organization\",\"name\":\"Passion Bike\",\"alternateName\":\"PassionBike\",\"url\":\"https:\/\/www.passionbike.net\/\",\"logo\":{\"@type\":\"ImageObject\",\"inLanguage\":\"it-IT\",\"@id\":\"https:\/\/www.passionbike.net\/#\/schema\/logo\/image\/\",\"url\":\"https:\/\/www.passionbike.net\/wp-content\/uploads\/2016\/12\/passionbike-logo.png\",\"contentUrl\":\"https:\/\/www.passionbike.net\/wp-content\/uploads\/2016\/12\/passionbike-logo.png\",\"width\":318,\"height\":104,\"caption\":\"Passion Bike\"},\"image\":{\"@id\":\"https:\/\/www.passionbike.net\/#\/schema\/logo\/image\/\"},\"sameAs\":[\"https:\/\/www.facebook.com\/passionbikevalencia\/\",\"https:\/\/www.instagram.com\/passionbike_valencia\/\"]}]}<\/script>\n<!-- \/ Yoast SEO plugin. -->","yoast_head_json":{"title":"Conosciamoci! - Passion Bike Valencia &#187; I migliori tour e visite guidate in bicicletta della citt\u00e0.","description":"Ci piace andare in bicicletta. Ci \u00e8 sempre piaciuto. Ed \u00e8 cos\u00ec che siamo nati. Passion Bike Valencia \u00e8 un progetto di vita, di passione per la bicicletta, che ha gi\u00e0 due sedi a Valencia. Avete bisogno di un tour in bicicletta della Citt\u00e0 delle Arti e delle Scienze? Possiamo guidarvi e organizzare una visita guidata del centro storico per mostrarvi la bellissima Cattedrale di Valencia. O forse avete bisogno di un servizio di noleggio biciclette? Possiamo fornire anche questo. Per rendervi la vita pi\u00f9 facile, organizziamo anche le vostre vacanze se venite con la vostra famiglia o con la vostra compagnia per godervi Valencia in bicicletta... Siamo tutto questo e molto di pi\u00f9: contattateci e godetevi tutto ci\u00f2 che possiamo offrirvi!","robots":{"index":"index","follow":"follow","max-snippet":"max-snippet:-1","max-image-preview":"max-image-preview:large","max-video-preview":"max-video-preview:-1"},"canonical":"https:\/\/www.passionbike.net\/it\/chi-siamo-passion-bike-valencia\/","og_locale":"it_IT","og_type":"article","og_title":"Conosciamoci! - Passion Bike Valencia &#187; I migliori tour e visite guidate in bicicletta della citt\u00e0.","og_description":"Ci piace andare in bicicletta. Ci \u00e8 sempre piaciuto. Ed \u00e8 cos\u00ec che siamo nati. Passion Bike Valencia \u00e8 un progetto di vita, di passione per la bicicletta, che ha gi\u00e0 due sedi a Valencia. Avete bisogno di un tour in bicicletta della Citt\u00e0 delle Arti e delle Scienze? Possiamo guidarvi e organizzare una visita guidata del centro storico per mostrarvi la bellissima Cattedrale di Valencia. O forse avete bisogno di un servizio di noleggio biciclette? Possiamo fornire anche questo. Per rendervi la vita pi\u00f9 facile, organizziamo anche le vostre vacanze se venite con la vostra famiglia o con la vostra compagnia per godervi Valencia in bicicletta... Siamo tutto questo e molto di pi\u00f9: contattateci e godetevi tutto ci\u00f2 che possiamo offrirvi!","og_url":"https:\/\/www.passionbike.net\/it\/chi-siamo-passion-bike-valencia\/","og_site_name":"Passion Bike","article_publisher":"https:\/\/www.facebook.com\/passionbikevalencia\/","article_modified_time":"2024-12-03T11:13:57+00:00","og_image":[{"width":1024,"height":682,"url":"https:\/\/www.passionbike.net\/wp-content\/uploads\/2023\/12\/NIGHT-TOUR-5-1024x682.png","type":"image\/png"}],"twitter_card":"summary_large_image","twitter_misc":{"Tempo di lettura stimato":"2 minuti"},"schema":{"@context":"https:\/\/schema.org","@graph":[{"@type":"WebPage","@id":"https:\/\/www.passionbike.net\/it\/chi-siamo-passion-bike-valencia\/","url":"https:\/\/www.passionbike.net\/it\/chi-siamo-passion-bike-valencia\/","name":"Conosciamoci! - Passion Bike Valencia &#187; I migliori tour e visite guidate in bicicletta della citt\u00e0.","isPartOf":{"@id":"https:\/\/www.passionbike.net\/#website"},"datePublished":"2017-01-13T10:29:54+00:00","dateModified":"2024-12-03T11:13:57+00:00","description":"Ci piace andare in bicicletta. Ci \u00e8 sempre piaciuto. Ed \u00e8 cos\u00ec che siamo nati. Passion Bike Valencia \u00e8 un progetto di vita, di passione per la bicicletta, che ha gi\u00e0 due sedi a Valencia. Avete bisogno di un tour in bicicletta della Citt\u00e0 delle Arti e delle Scienze? Possiamo guidarvi e organizzare una visita guidata del centro storico per mostrarvi la bellissima Cattedrale di Valencia. O forse avete bisogno di un servizio di noleggio biciclette? Possiamo fornire anche questo. Per rendervi la vita pi\u00f9 facile, organizziamo anche le vostre vacanze se venite con la vostra famiglia o con la vostra compagnia per godervi Valencia in bicicletta... Siamo tutto questo e molto di pi\u00f9: contattateci e godetevi tutto ci\u00f2 che possiamo offrirvi!","breadcrumb":{"@id":"https:\/\/www.passionbike.net\/it\/chi-siamo-passion-bike-valencia\/#breadcrumb"},"inLanguage":"it-IT","potentialAction":[{"@type":"ReadAction","target":["https:\/\/www.passionbike.net\/it\/chi-siamo-passion-bike-valencia\/"]}]},{"@type":"BreadcrumbList","@id":"https:\/\/www.passionbike.net\/it\/chi-siamo-passion-bike-valencia\/#breadcrumb","itemListElement":[{"@type":"ListItem","position":1,"name":"Portada","item":"https:\/\/www.passionbike.net\/it\/"},{"@type":"ListItem","position":2,"name":"Chi siamo"}]},{"@type":"WebSite","@id":"https:\/\/www.passionbike.net\/#website","url":"https:\/\/www.passionbike.net\/","name":"Passion Bike","description":"\u00a1Disfruta de nuestras visitas y tours guiados en bicicleta por Valencia!","publisher":{"@id":"https:\/\/www.passionbike.net\/#organization"},"alternateName":"PassionBike","potentialAction":[{"@type":"SearchAction","target":{"@type":"EntryPoint","urlTemplate":"https:\/\/www.passionbike.net\/?s={search_term_string}"},"query-input":"required name=search_term_string"}],"inLanguage":"it-IT"},{"@type":"Organization","@id":"https:\/\/www.passionbike.net\/#organization","name":"Passion Bike","alternateName":"PassionBike","url":"https:\/\/www.passionbike.net\/","logo":{"@type":"ImageObject","inLanguage":"it-IT","@id":"https:\/\/www.passionbike.net\/#\/schema\/logo\/image\/","url":"https:\/\/www.passionbike.net\/wp-content\/uploads\/2016\/12\/passionbike-logo.png","contentUrl":"https:\/\/www.passionbike.net\/wp-content\/uploads\/2016\/12\/passionbike-logo.png","width":318,"height":104,"caption":"Passion Bike"},"image":{"@id":"https:\/\/www.passionbike.net\/#\/schema\/logo\/image\/"},"sameAs":["https:\/\/www.facebook.com\/passionbikevalencia\/","https:\/\/www.instagram.com\/passionbike_valencia\/"]}]}},"_links":{"self":[{"href":"https:\/\/www.passionbike.net\/it\/wp-json\/wp\/v2\/pages\/69"}],"collection":[{"href":"https:\/\/www.passionbike.net\/it\/wp-json\/wp\/v2\/pages"}],"about":[{"href":"https:\/\/www.passionbike.net\/it\/wp-json\/wp\/v2\/types\/page"}],"author":[{"embeddable":true,"href":"https:\/\/www.passionbike.net\/it\/wp-json\/wp\/v2\/users\/3"}],"replies":[{"embeddable":true,"href":"https:\/\/www.passionbike.net\/it\/wp-json\/wp\/v2\/comments?post=69"}],"version-history":[{"count":26,"href":"https:\/\/www.passionbike.net\/it\/wp-json\/wp\/v2\/pages\/69\/revisions"}],"predecessor-version":[{"id":6314,"href":"https:\/\/www.passionbike.net\/it\/wp-json\/wp\/v2\/pages\/69\/revisions\/6314"}],"wp:attachment":[{"href":"https:\/\/www.passionbike.net\/it\/wp-json\/wp\/v2\/media?parent=69"}],"curies":[{"name":"wp","href":"https:\/\/api.w.org\/{rel}","templated":true}]}}